{"id":30292,"date":"2024-12-09T11:36:53","date_gmt":"2024-12-09T16:36:53","guid":{"rendered":"https:\/\/knowledgeflow.org\/?page_id=30292"},"modified":"2025-08-08T11:29:46","modified_gmt":"2025-08-08T15:29:46","slug":"terms-of-use","status":"publish","type":"page","link":"https:\/\/knowledgeflow.org\/fr\/terms-of-use\/","title":{"rendered":"Conditions d'utilisation"},"content":{"rendered":"<h3 class=\"wp-block-heading\"><strong>Conditions de licence de la Fondation KnowledgeFlow pour la cybers\u00e9curit\u00e9<\/strong><\/h3>\n\n\n\n<p>Bienvenue sur la page d'octroi de licences de ressources de la Fondation KnowledgeFlow pour la cybers\u00e9curit\u00e9. Notre mission est de donner aux individus et aux organisations les outils, les ressources et les connaissances n\u00e9cessaires pour cr\u00e9er un monde num\u00e9rique plus s\u00fbr et plus s\u00e9curis\u00e9. Afin de pr\u00e9server l'int\u00e9grit\u00e9 de notre mat\u00e9riel et de garantir qu'il soit utilis\u00e9 de mani\u00e8re responsable, nous avons d\u00e9fini les conditions de licence suivantes :<\/p>\n\n\n\n<hr class=\"wp-block-separator has-alpha-channel-opacity\"\/>\n\n\n\n<h3 class=\"wp-block-heading\"><strong>Avis de droit d'auteur<\/strong><\/h3>\n\n\n\n<p>Toutes les ressources fournies par la Fondation KnowledgeFlow pour la cybers\u00e9curit\u00e9, y compris, mais sans s'y limiter, les guides, les listes de contr\u00f4le, les mod\u00e8les et autres mat\u00e9riels p\u00e9dagogiques, sont prot\u00e9g\u00e9es par des droits d'auteur.<br><strong>Fondation KnowledgeFlow pour la cybers\u00e9curit\u00e9. Tous droits r\u00e9serv\u00e9s.<\/strong><\/p>\n\n\n\n<hr class=\"wp-block-separator has-alpha-channel-opacity\"\/>\n\n\n\n<h3 class=\"wp-block-heading\"><strong>Utilisations autoris\u00e9es<\/strong><\/h3>\n\n\n\n<p>Nos ressources sont con\u00e7ues pour aider les \u00e9ducateurs, les organisations \u00e0 but non lucratif et les particuliers \u00e0 promouvoir la cybers\u00e9curit\u00e9 et la culture num\u00e9rique. Vous pouvez :<\/p>\n\n\n\n<ul class=\"wp-block-list\">\n<li><strong>Utilisation \u00e0 des fins personnelles et \u00e9ducatives<\/strong>: T\u00e9l\u00e9charger, partager et utiliser notre mat\u00e9riel \u00e0 des fins personnelles ou dans des contextes \u00e9ducatifs non commerciaux, tels que des salles de classe ou des ateliers.<\/li>\n\n\n\n<li><strong>Partager le mat\u00e9riel non modifi\u00e9<\/strong>: Distribuer des copies des ressources dans leur format original, non modifi\u00e9, avec la mention du droit d'auteur intacte.<\/li>\n\n\n\n<li><strong>Incorporer dans la formation des organisations \u00e0 but non lucratif<\/strong>: Utiliser les ressources dans des formations ou des initiatives communautaires \u00e0 but non lucratif, \u00e0 condition qu'il n'y ait pas de profit commercial.<\/li>\n<\/ul>\n\n\n\n<hr class=\"wp-block-separator has-alpha-channel-opacity\"\/>\n\n\n\n<h3 class=\"wp-block-heading\"><strong>Utilisations interdites<\/strong><\/h3>\n\n\n\n<p>Afin de prot\u00e9ger l'int\u00e9grit\u00e9 et l'objectif de notre mat\u00e9riel, les utilisations suivantes sont interdites :<\/p>\n\n\n\n<ul class=\"wp-block-list\">\n<li><strong>Usage commercial<\/strong>: la vente, l'octroi de licences ou l'incorporation de notre mat\u00e9riel dans des services ou des produits payants sans autorisation \u00e9crite pr\u00e9alable.<\/li>\n\n\n\n<li><strong>Modification<\/strong>: Modifier, \u00e9diter ou cr\u00e9er des \u0153uvres d\u00e9riv\u00e9es bas\u00e9es sur nos ressources sans autorisation explicite.<\/li>\n\n\n\n<li><strong>Suppression de la marque<\/strong>: Suppression ou masquage du logo de la KnowledgeFlow Cyber Safety Foundation, de l'avis de droit d'auteur ou de l'attribution.<\/li>\n<\/ul>\n\n\n\n<hr class=\"wp-block-separator has-alpha-channel-opacity\"\/>\n\n\n\n<h3 class=\"wp-block-heading\"><strong>Exigences en mati\u00e8re d'attribution<\/strong><\/h3>\n\n\n\n<p>Lorsque vous partagez nos ressources, veuillez indiquer la source suivante :<br><strong>\"Cette ressource a \u00e9t\u00e9 d\u00e9velopp\u00e9e par la Fondation KnowledgeFlow pour la cybers\u00e9curit\u00e9. Pour plus de ressources, visitez <\/strong><a href=\"https:\/\/www.knowledgeflow.org\"><strong>KnowledgeFlow.org<\/strong><\/a>.\"<\/p>\n\n\n\n<hr class=\"wp-block-separator has-alpha-channel-opacity\"\/>\n\n\n\n<h3 class=\"wp-block-heading\"><strong>Demande d'autorisation<\/strong><\/h3>\n\n\n\n<p>Si vous souhaitez utiliser nos ressources d'une mani\u00e8re qui n'est pas couverte par les pr\u00e9sentes conditions, veuillez nous contacter pour obtenir une autorisation \u00e9crite. Les demandes les plus courantes sont les suivantes<\/p>\n\n\n\n<ul class=\"wp-block-list\">\n<li>Traduire les documents dans d'autres langues.<\/li>\n\n\n\n<li>Incorporation des ressources dans les projets commerciaux.<\/li>\n\n\n\n<li>Adapter le mat\u00e9riel aux besoins sp\u00e9cifiques de l'organisation.<\/li>\n<\/ul>\n\n\n\n<hr class=\"wp-block-separator has-alpha-channel-opacity\"\/>\n\n\n\n<h3 class=\"wp-block-heading\"><strong>Nous contacter<\/strong><\/h3>\n\n\n\n<p>Pour demander des autorisations ou des renseignements compl\u00e9mentaires sur les licences, veuillez nous contacter \u00e0 l'adresse suivante :<br><strong>Courriel<\/strong>: contact@knowledgeflow.org<br><strong>Site web<\/strong>: <a href=\"https:\/\/www.knowledgeflow.org\">KnowledgeFlow.org<\/a><\/p>\n\n\n\n<p>Nous vous remercions de votre coop\u00e9ration et de votre engagement \u00e0 utiliser nos ressources de mani\u00e8re responsable pour promouvoir la cybers\u00e9curit\u00e9 et la culture num\u00e9rique.<\/p>\n\n\n\n<p><\/p>","protected":false},"excerpt":{"rendered":"<p>Conditions de licence de la Fondation KnowledgeFlow Cyber Safety Bienvenue sur la page de licence des ressources de la Fondation KnowledgeFlow Cyber Safety. Notre mission est de donner aux individus et aux organisations les outils, les ressources et les connaissances n\u00e9cessaires pour...<\/p>","protected":false},"author":1,"featured_media":0,"parent":0,"menu_order":0,"comment_status":"closed","ping_status":"closed","template":"","meta":{"_acf_changed":false,"_kad_blocks_custom_css":"","_kad_blocks_head_custom_js":"","_kad_blocks_body_custom_js":"","_kad_blocks_footer_custom_js":"","_kad_post_transparent":"","_kad_post_title":"","_kad_post_layout":"","_kad_post_sidebar_id":"","_kad_post_content_style":"","_kad_post_vertical_padding":"","_kad_post_feature":"","_kad_post_feature_position":"","_kad_post_header":false,"_kad_post_footer":false,"_kad_post_classname":"","footnotes":""},"class_list":["post-30292","page","type-page","status-publish","hentry"],"acf":[],"taxonomy_info":[],"featured_image_src_large":false,"author_info":{"display_name":"sdkgone0893","author_link":"https:\/\/knowledgeflow.org\/fr\/author\/colin_lqi4fpdv\/"},"comment_info":0,"_links":{"self":[{"href":"https:\/\/knowledgeflow.org\/fr\/wp-json\/wp\/v2\/pages\/30292","targetHints":{"allow":["GET"]}}],"collection":[{"href":"https:\/\/knowledgeflow.org\/fr\/wp-json\/wp\/v2\/pages"}],"about":[{"href":"https:\/\/knowledgeflow.org\/fr\/wp-json\/wp\/v2\/types\/page"}],"author":[{"embeddable":true,"href":"https:\/\/knowledgeflow.org\/fr\/wp-json\/wp\/v2\/users\/1"}],"replies":[{"embeddable":true,"href":"https:\/\/knowledgeflow.org\/fr\/wp-json\/wp\/v2\/comments?post=30292"}],"version-history":[{"count":2,"href":"https:\/\/knowledgeflow.org\/fr\/wp-json\/wp\/v2\/pages\/30292\/revisions"}],"predecessor-version":[{"id":32617,"href":"https:\/\/knowledgeflow.org\/fr\/wp-json\/wp\/v2\/pages\/30292\/revisions\/32617"}],"wp:attachment":[{"href":"https:\/\/knowledgeflow.org\/fr\/wp-json\/wp\/v2\/media?parent=30292"}],"curies":[{"name":"wp","href":"https:\/\/api.w.org\/{rel}","templated":true}]}}