{"id":3,"date":"2021-08-06T15:40:48","date_gmt":"2021-08-06T19:40:48","guid":{"rendered":"http:\/\/localhost:10008\/?page_id=3"},"modified":"2026-04-13T16:22:53","modified_gmt":"2026-04-13T20:22:53","slug":"privacy-policy","status":"publish","type":"page","link":"https:\/\/knowledgeflow.org\/fr\/privacy-policy\/","title":{"rendered":"Politique de confidentialit\u00e9"},"content":{"rendered":"<h1 class=\"wp-block-heading\">KnowledgeFlow - Fondation canadienne pour la cybers\u00e9curit\u00e9 <\/h1>\n\n\n\n<h2 class=\"wp-block-heading\">Politique de confidentialit\u00e9<\/h2>\n\n\n\n<p>Derni\u00e8re r\u00e9vision : 25 novembre 2025<\/p>\n\n\n\n<h2 class=\"wp-block-heading\"><strong>Introduction<\/strong><\/h2>\n\n\n\n<p>Nous vous remercions de nous confier vos informations personnelles. Dans le cadre de notre engagement \u00e0 garantir votre vie priv\u00e9e, nous avons \u00e9labor\u00e9 la pr\u00e9sente politique de confidentialit\u00e9 afin d'expliquer comment nous recueillons, utilisons et divulguons vos informations personnelles.<\/p>\n\n\n\n<h2 class=\"wp-block-heading\"><strong>Informations collect\u00e9es<\/strong><\/h2>\n\n\n\n<p>Nous ne recueillons des informations personnelles qu'avec votre consentement et en toute connaissance de cause. Par exemple, lorsque vous vous inscrivez \u00e0 un \u00e9v\u00e9nement ou \u00e0 notre lettre d'information, nous recueillons les informations que vous nous fournissez, telles que votre nom complet et votre adresse \u00e9lectronique.<\/p>\n\n\n\n<p>Cela permet de confirmer votre int\u00e9r\u00eat et vos pr\u00e9f\u00e9rences pour la participation \u00e0 de tels projets et de permettre une communication directe.<\/p>\n\n\n\n<p>En tant qu'organisation \u00e0 but non lucratif, nous n'utiliserons PAS vos informations pour mener des activit\u00e9s commerciales. Si vous nous fournissez des informations personnelles telles que votre nom complet, votre adresse \u00e9lectronique, votre adresse postale et\/ou votre num\u00e9ro de t\u00e9l\u00e9phone, vous recevrez uniquement de la correspondance de notre part concernant les commandes ou les programmes que vous souhaitez recevoir.<\/p>\n\n\n\n<h2 class=\"wp-block-heading\">comment nous utilisons vos informations<\/h2>\n\n\n\n<p>Lorsque vous nous communiquez votre adresse \u00e9lectronique, nous la conservons en toute s\u00e9curit\u00e9 dans notre base de donn\u00e9es dans le seul but de vous fournir des mises \u00e0 jour et des communications relatives \u00e0 nos ressources et initiatives gratuites. Nous ne partageons ni ne vendons votre adresse \u00e9lectronique \u00e0 des tiers.<\/p>\n\n\n\n<h2 class=\"wp-block-heading\"><strong>vos droits et vos choix<\/strong><\/h2>\n\n\n\n<p>Vous avez le droit de vous d\u00e9sinscrire de ces communications \u00e0 tout moment. Pour vous d\u00e9sinscrire, il vous suffit de cliquer sur le lien \"se d\u00e9sinscrire\" au bas de tout courriel que nous vous envoyons, ou de nous contacter directement. Une fois que vous vous serez d\u00e9sinscrit, nous supprimerons rapidement votre adresse \u00e9lectronique de notre base de donn\u00e9es et vous ne recevrez plus aucune communication de notre part.<\/p>\n\n\n\n<h2 class=\"wp-block-heading\">conservation des donn\u00e9es et s\u00e9curit\u00e9<\/h2>\n\n\n\n<p>Nous prenons votre vie priv\u00e9e au s\u00e9rieux et nous nous engageons \u00e0 prot\u00e9ger vos informations personnelles. Si vous avez des questions ou des inqui\u00e9tudes concernant notre politique de confidentialit\u00e9, n'h\u00e9sitez pas \u00e0 nous contacter.<\/p>\n\n\n\n<h2 class=\"wp-block-heading\">nous contacter<\/h2>\n\n\n\n<p>Si vous avez des questions ou des pr\u00e9occupations concernant notre politique de protection de la vie priv\u00e9e, n'h\u00e9sitez pas \u00e0 nous contacter \u00e0 l'adresse suivante<\/p>\n\n\n\n<p>KnowledgeFlow - Fondation canadienne pour la cybers\u00e9curit\u00e9<br>c\/o Informatica Corporation 18 King St E, Suite 1400<br>Toronto ON M5E1W7<br>Canada<br>Courriel : <a href=\"https:\/\/knowledgeflow.org\/contact\/\" data-type=\"page\" data-id=\"13\">Page de contact<\/a><br>T\u00e9l\u00e9phone : (416) 431-9012 416-431-9012<\/p>\n\n\n\n<p>Nous appr\u00e9cions la confiance que vous nous accordez et nous nous engageons \u00e0 prot\u00e9ger vos informations personnelles.<\/p>","protected":false},"excerpt":{"rendered":"<p>KnowledgeFlow \u2013 Politique de confidentialit\u00e9 de la Fondation canadienne pour la cybers\u00e9curit\u00e9 Derni\u00e8re r\u00e9vision : 25 novembre 2025 Introduction Nous vous remercions de nous avoir confi\u00e9 vos renseignements personnels. Dans le cadre de notre engagement \u00e0 garantir votre\u2026<\/p>","protected":false},"author":8,"featured_media":0,"parent":0,"menu_order":0,"comment_status":"closed","ping_status":"closed","template":"","meta":{"_acf_changed":false,"_kad_blocks_custom_css":"","_kad_blocks_head_custom_js":"","_kad_blocks_body_custom_js":"","_kad_blocks_footer_custom_js":"","_kad_post_transparent":"","_kad_post_title":"","_kad_post_layout":"","_kad_post_sidebar_id":"","_kad_post_content_style":"","_kad_post_vertical_padding":"","_kad_post_feature":"","_kad_post_feature_position":"","_kad_post_header":false,"_kad_post_footer":false,"_kad_post_classname":"","footnotes":""},"class_list":["post-3","page","type-page","status-publish","hentry"],"acf":[],"taxonomy_info":[],"featured_image_src_large":false,"author_info":{"display_name":"KnowledgeFlow Cybersafety Foundation","author_link":"https:\/\/knowledgeflow.org\/fr\/author\/knowledgefloweditor\/"},"comment_info":0,"_links":{"self":[{"href":"https:\/\/knowledgeflow.org\/fr\/wp-json\/wp\/v2\/pages\/3","targetHints":{"allow":["GET"]}}],"collection":[{"href":"https:\/\/knowledgeflow.org\/fr\/wp-json\/wp\/v2\/pages"}],"about":[{"href":"https:\/\/knowledgeflow.org\/fr\/wp-json\/wp\/v2\/types\/page"}],"author":[{"embeddable":true,"href":"https:\/\/knowledgeflow.org\/fr\/wp-json\/wp\/v2\/users\/8"}],"replies":[{"embeddable":true,"href":"https:\/\/knowledgeflow.org\/fr\/wp-json\/wp\/v2\/comments?post=3"}],"version-history":[{"count":12,"href":"https:\/\/knowledgeflow.org\/fr\/wp-json\/wp\/v2\/pages\/3\/revisions"}],"predecessor-version":[{"id":36852,"href":"https:\/\/knowledgeflow.org\/fr\/wp-json\/wp\/v2\/pages\/3\/revisions\/36852"}],"wp:attachment":[{"href":"https:\/\/knowledgeflow.org\/fr\/wp-json\/wp\/v2\/media?parent=3"}],"curies":[{"name":"wp","href":"https:\/\/api.w.org\/{rel}","templated":true}]}}