{"id":23945,"date":"2024-05-30T16:18:41","date_gmt":"2024-05-30T20:18:41","guid":{"rendered":"https:\/\/knowledgeflow.org\/?page_id=23945"},"modified":"2024-05-31T11:45:00","modified_gmt":"2024-05-31T15:45:00","slug":"partner-with-us","status":"publish","type":"page","link":"https:\/\/knowledgeflow.org\/fr\/partner-with-us\/","title":{"rendered":"Partenariat avec nous - Collaborer pour un avenir num\u00e9rique plus s\u00fbr"},"content":{"rendered":"\n<h2 class=\"wp-block-heading has-theme-palette-3-color has-text-color has-link-color has-larger-font-size wp-elements-65c2b353e5a27f8eb582e3e26d153486\"><strong>Partner With Us<\/strong><\/h2>\n\n\n\n<p class=\"has-theme-palette-3-color has-text-color has-link-color wp-elements-685e52cbecd7ab2164bbf1fbd6afbf08\">If your business is interested in partnering with KnowledgeFlow, please complete this form and we will get back to you as soon as possible.<\/p>\n\n\n<script>\nvar gform;gform||(document.addEventListener(\"gform_main_scripts_loaded\",function(){gform.scriptsLoaded=!0}),document.addEventListener(\"gform\/theme\/scripts_loaded\",function(){gform.themeScriptsLoaded=!0}),window.addEventListener(\"DOMContentLoaded\",function(){gform.domLoaded=!0}),gform={domLoaded:!1,scriptsLoaded:!1,themeScriptsLoaded:!1,isFormEditor:()=>\"function\"==typeof InitializeEditor,callIfLoaded:function(o){return!(!gform.domLoaded||!gform.scriptsLoaded||!gform.themeScriptsLoaded&&!gform.isFormEditor()||(gform.isFormEditor()&&console.warn(\"The use of gform.initializeOnLoaded() is deprecated in the form editor context and will be removed in Gravity Forms 3.1.\"),o(),0))},initializeOnLoaded:function(o){gform.callIfLoaded(o)||(document.addEventListener(\"gform_main_scripts_loaded\",()=>{gform.scriptsLoaded=!0,gform.callIfLoaded(o)}),document.addEventListener(\"gform\/theme\/scripts_loaded\",()=>{gform.themeScriptsLoaded=!0,gform.callIfLoaded(o)}),window.addEventListener(\"DOMContentLoaded\",()=>{gform.domLoaded=!0,gform.callIfLoaded(o)}))},hooks:{action:{},filter:{}},addAction:function(o,r,e,t){gform.addHook(\"action\",o,r,e,t)},addFilter:function(o,r,e,t){gform.addHook(\"filter\",o,r,e,t)},doAction:function(o){gform.doHook(\"action\",o,arguments)},applyFilters:function(o){return gform.doHook(\"filter\",o,arguments)},removeAction:function(o,r){gform.removeHook(\"action\",o,r)},removeFilter:function(o,r,e){gform.removeHook(\"filter\",o,r,e)},addHook:function(o,r,e,t,n){null==gform.hooks[o][r]&&(gform.hooks[o][r]=[]);var d=gform.hooks[o][r];null==n&&(n=r+\"_\"+d.length),gform.hooks[o][r].push({tag:n,callable:e,priority:t=null==t?10:t})},doHook:function(r,o,e){var t;if(e=Array.prototype.slice.call(e,1),null!=gform.hooks[r][o]&&((o=gform.hooks[r][o]).sort(function(o,r){return o.priority-r.priority}),o.forEach(function(o){\"function\"!=typeof(t=o.callable)&&(t=window[t]),\"action\"==r?t.apply(null,e):e[0]=t.apply(null,e)})),\"filter\"==r)return e[0]},removeHook:function(o,r,t,n){var e;null!=gform.hooks[o][r]&&(e=(e=gform.hooks[o][r]).filter(function(o,r,e){return!!(null!=n&&n!=o.tag||null!=t&&t!=o.priority)}),gform.hooks[o][r]=e)}});\n<\/script>\n\n                <div class='gf_browser_gecko gform_wrapper gravity-theme gform-theme--no-framework' data-form-theme='gravity-theme' data-form-index='0' id='gform_wrapper_45' ><div id='gf_45' class='gform_anchor' tabindex='-1'><\/div><form method='post' enctype='multipart\/form-data' target='gform_ajax_frame_45' id='gform_45'  action='\/fr\/wp-json\/wp\/v2\/pages\/23945#gf_45' data-formid='45' novalidate><div class='gf_invisible ginput_recaptchav3' data-sitekey='6Lf6BoYdAAAAAFexx1nipBebi3WIQom4VDCpUspr' data-tabindex='0'><input id=\"input_4f34986cdec6e9a304adc9112be8804b\" class=\"gfield_recaptcha_response\" type=\"hidden\" name=\"input_4f34986cdec6e9a304adc9112be8804b\" value=\"\"\/><\/div>\n                        <div class='gform-body gform_body'><div id='gform_fields_45' class='gform_fields top_label form_sublabel_above description_above validation_below'><div id=\"field_45_8\" class=\"gfield gfield--type-honeypot gform_validation_container field_sublabel_above gfield--has-description field_description_above field_validation_below gfield_visibility_visible\"  ><label class='gfield_label gform-field-label' for='input_45_8'>Email<\/label><div class='gfield_description' id='gfield_description_45_8'>Ce champ n\u2019est utilis\u00e9 qu\u2019\u00e0 des fins de validation et devrait rester inchang\u00e9.<\/div><div class='ginput_container'><input name='input_8' id='input_45_8' type='text' value='' autocomplete='new-password'\/><\/div><\/div><fieldset id=\"field_45_1\" class=\"gfield gfield--type-name gfield--input-type-name gfield_contains_required field_sublabel_above gfield--no-description field_description_above field_validation_below gfield_visibility_visible\"  ><legend class='gfield_label gform-field-label gfield_label_before_complex' >Name<span class=\"gfield_required\"><span class=\"gfield_required gfield_required_text\">(N\u00e9cessaire)<\/span><\/span><\/legend><div class='ginput_complex ginput_container ginput_container--name no_prefix has_first_name no_middle_name has_last_name no_suffix gf_name_has_2 ginput_container_name gform-grid-row' id='input_45_1'>\n                            \n                            <span id='input_45_1_3_container' class='name_first gform-grid-col gform-grid-col--size-auto' >\n                                                    <label for='input_45_1_3' class='gform-field-label gform-field-label--type-sub '>Pr\u00e9nom<\/label>\n                                                    <input type='text' name='input_1.3' id='input_45_1_3' value=''   aria-required='true'    autocomplete=\"given-name\" \/>\n                                                <\/span>\n                            \n                            <span id='input_45_1_6_container' class='name_last gform-grid-col gform-grid-col--size-auto' >\n                                                            <label for='input_45_1_6' class='gform-field-label gform-field-label--type-sub '>Nom<\/label>\n                                                            <input type='text' name='input_1.6' id='input_45_1_6' value=''   aria-required='true'    autocomplete=\"family-name\" \/>\n                                                        <\/span>\n                            \n                        <\/div><\/fieldset><div id=\"field_45_2\" class=\"gfield gfield--type-email gfield--input-type-email gfield--width-half gfield_contains_required field_sublabel_above gfield--no-description field_description_above field_validation_below gfield_visibility_visible\"  ><label class='gfield_label gform-field-label' for='input_45_2'>Email<span class=\"gfield_required\"><span class=\"gfield_required gfield_required_text\">(N\u00e9cessaire)<\/span><\/span><\/label><div class='ginput_container ginput_container_email'>\n                            <input name='input_2' id='input_45_2' type='email' value='' class='large'    aria-required=\"true\" aria-invalid=\"false\"  \/>\n                        <\/div><\/div><div id=\"field_45_4\" class=\"gfield gfield--type-phone gfield--input-type-phone gfield--width-half gfield_contains_required field_sublabel_above gfield--no-description field_description_above field_validation_below gfield_visibility_visible\"  ><label class='gfield_label gform-field-label' for='input_45_4'>Phone<span class=\"gfield_required\"><span class=\"gfield_required gfield_required_text\">(N\u00e9cessaire)<\/span><\/span><\/label><div class='ginput_container ginput_container_phone'><input name='input_4' id='input_45_4' type='tel' value='' class='large'   aria-required=\"true\" aria-invalid=\"false\"   \/><\/div><\/div><fieldset id=\"field_45_5\" class=\"gfield gfield--type-radio gfield--type-choice gfield--input-type-radio gfield--width-full gfield_contains_required field_sublabel_above gfield--no-description field_description_above field_validation_below gfield_visibility_visible\"  ><legend class='gfield_label gform-field-label' >Organization Type<span class=\"gfield_required\"><span class=\"gfield_required gfield_required_text\">(N\u00e9cessaire)<\/span><\/span><\/legend><div class='ginput_container ginput_container_radio'><div class='gfield_radio' id='input_45_5'>\n\t\t\t<div class='gchoice gchoice_45_5_0'>\n\t\t\t\t\t<input class='gfield-choice-input' name='input_5' type='radio' value='NonProfit'  id='choice_45_5_0' onchange='gformToggleRadioOther( this )'    \/>\n\t\t\t\t\t<label for='choice_45_5_0' id='label_45_5_0' class='gform-field-label gform-field-label--type-inline'>NonProfit<\/label>\n\t\t\t<\/div>\n\t\t\t<div class='gchoice gchoice_45_5_1'>\n\t\t\t\t\t<input class='gfield-choice-input' name='input_5' type='radio' value='Charity'  id='choice_45_5_1' onchange='gformToggleRadioOther( this )'    \/>\n\t\t\t\t\t<label for='choice_45_5_1' id='label_45_5_1' class='gform-field-label gform-field-label--type-inline'>Charity<\/label>\n\t\t\t<\/div>\n\t\t\t<div class='gchoice gchoice_45_5_2'>\n\t\t\t\t\t<input class='gfield-choice-input' name='input_5' type='radio' value='Community Group'  id='choice_45_5_2' onchange='gformToggleRadioOther( this )'    \/>\n\t\t\t\t\t<label for='choice_45_5_2' id='label_45_5_2' class='gform-field-label gform-field-label--type-inline'>Community Group<\/label>\n\t\t\t<\/div>\n\t\t\t<div class='gchoice gchoice_45_5_3'>\n\t\t\t\t\t<input class='gfield-choice-input' name='input_5' type='radio' value='Chamber of Commerce'  id='choice_45_5_3' onchange='gformToggleRadioOther( this )'    \/>\n\t\t\t\t\t<label for='choice_45_5_3' id='label_45_5_3' class='gform-field-label gform-field-label--type-inline'>Chamber of Commerce<\/label>\n\t\t\t<\/div>\n\t\t\t<div class='gchoice gchoice_45_5_4'>\n\t\t\t\t\t<input class='gfield-choice-input' name='input_5' type='radio' value='Library or Municipality'  id='choice_45_5_4' onchange='gformToggleRadioOther( this )'    \/>\n\t\t\t\t\t<label for='choice_45_5_4' id='label_45_5_4' class='gform-field-label gform-field-label--type-inline'>Library or Municipality<\/label>\n\t\t\t<\/div>\n\t\t\t<div class='gchoice gchoice_45_5_5'>\n\t\t\t\t\t<input class='gfield-choice-input' name='input_5' type='radio' value='gf_other_choice'  id='choice_45_5_5' onchange='gformToggleRadioOther( this )'    \/>\n\t\t\t\t\t<label for='choice_45_5_5' id='label_45_5_5' class='gform-field-label gform-field-label--type-inline'>Autre<\/label><br \/><input id='input_45_5_other' class='gchoice_other_control' name='input_5_other' type='text' value='Autre' aria-label='Autre Choix, veuillez pr\u00e9ciser'  disabled='disabled' \/>\n\t\t\t<\/div><\/div><\/div><\/fieldset><fieldset id=\"field_45_6\" class=\"gfield gfield--type-address gfield--input-type-address gfield--width-full gfield_contains_required field_sublabel_above gfield--no-description field_description_above field_validation_below gfield_visibility_visible\"  ><legend class='gfield_label gform-field-label gfield_label_before_complex' >Location<span class=\"gfield_required\"><span class=\"gfield_required gfield_required_text\">(N\u00e9cessaire)<\/span><\/span><\/legend>    \n                    <div class='ginput_complex ginput_container has_city has_state ginput_container_address gform-grid-row' id='input_45_6' >\n                        <span class='ginput_left address_city ginput_address_city gform-grid-col' id='input_45_6_3_container' >\n                                    <label for='input_45_6_3' id='input_45_6_3_label' class='gform-field-label gform-field-label--type-sub '>Ville<\/label>\n                                    <input type='text' name='input_6.3' id='input_45_6_3' value=''    aria-required='true'    \/>\n                                 <\/span><span class='ginput_right address_state ginput_address_state gform-grid-col' id='input_45_6_4_container' >\n                                        <label for='input_45_6_4' id='input_45_6_4_label' class='gform-field-label gform-field-label--type-sub '>\u00c9tat \/ Province \/ R\u00e9gion<\/label>\n                                        <input type='text' name='input_6.4' id='input_45_6_4' value=''      aria-required='true'    \/>\n                                      <\/span><input type='hidden' class='gform_hidden' name='input_6.6' id='input_45_6_6' value='' \/>\n                    <div class='gf_clear gf_clear_complex'><\/div>\n                <\/div><\/fieldset><div id=\"field_45_3\" class=\"gfield gfield--type-textarea gfield--input-type-textarea gfield_contains_required field_sublabel_above gfield--has-description field_description_above field_validation_below gfield_visibility_visible\"  ><label class='gfield_label gform-field-label' for='input_45_3'>Interest<span class=\"gfield_required\"><span class=\"gfield_required gfield_required_text\">(N\u00e9cessaire)<\/span><\/span><\/label><div class='gfield_description' id='gfield_description_45_3'>Why is your organization interested in a partnership with our Foundation?<\/div><div class='ginput_container ginput_container_textarea'><textarea name='input_3' id='input_45_3' class='textarea small'  aria-describedby=\"gfield_description_45_3\" maxlength='600'  aria-required=\"true\" aria-invalid=\"false\"   rows='10' cols='50'><\/textarea><\/div><\/div><fieldset id=\"field_45_7\" class=\"gfield gfield--type-checkbox gfield--type-choice gfield--input-type-checkbox gfield--width-full gfield_contains_required field_sublabel_above gfield--no-description field_description_above field_validation_below gfield_visibility_visible\"  ><legend class='gfield_label gform-field-label gfield_label_before_complex' >Privacy<span class=\"gfield_required\"><span class=\"gfield_required gfield_required_text\">(N\u00e9cessaire)<\/span><\/span><\/legend><div class='ginput_container ginput_container_checkbox'><div class='gfield_checkbox ' id='input_45_7'><div class='gchoice gchoice_45_7_1'>\n\t\t\t\t\t\t\t\t<input class='gfield-choice-input' name='input_7.1' type='checkbox'  value='I agree to the storage and handling of the data I have provided. &lt;a href=&quot;https:\/\/knowledgeflow-gmotm20qa9.live-website.com\/privacy-policy&quot; target=&quot;_blank&quot;&gt;Privacy Policy&lt;\/a&gt;'  id='choice_45_7_1'   \/>\n\t\t\t\t\t\t\t\t<label for='choice_45_7_1' id='label_45_7_1' class='gform-field-label gform-field-label--type-inline'>I agree to the storage and handling of the data I have provided. <a href=\"https:\/\/knowledgeflow-gmotm20qa9.live-website.com\/privacy-policy\" target=\"_blank\" rel=\"noopener\">Privacy Policy<\/a><\/label>\n\t\t\t\t\t\t\t<\/div><\/div><\/div><\/fieldset><\/div><\/div>\n        <div class='gform-footer gform_footer top_label'> <input type='submit' id='gform_submit_button_45' class='gform_button button' onclick='gform.submission.handleButtonClick(this);' data-submission-type='submit' value='Submit'  \/> <input type='hidden' name='gform_ajax' value='form_id=45&amp;title=&amp;description=&amp;tabindex=0&amp;theme=gravity-theme&amp;styles={&quot;inputPrimaryColor&quot;:&quot;#204ce5&quot;}&amp;hash=17227db412b216a170a1c919dbadbe12' \/>\n            <input type='hidden' class='gform_hidden' name='gform_submission_method' data-js='gform_submission_method_45' value='iframe' \/>\n            <input type='hidden' class='gform_hidden' name='gform_theme' data-js='gform_theme_45' id='gform_theme_45' value='gravity-theme' \/>\n            <input type='hidden' class='gform_hidden' name='gform_style_settings' data-js='gform_style_settings_45' id='gform_style_settings_45' value='{&quot;inputPrimaryColor&quot;:&quot;#204ce5&quot;}' \/>\n            <input type='hidden' class='gform_hidden' name='is_submit_45' value='1' \/>\n            <input type='hidden' class='gform_hidden' name='gform_submit' value='45' \/>\n            \n            <input type='hidden' class='gform_hidden' name='gform_currency' data-currency='CAD' value='hVO2Qg2tclYTy7IpKAvqFROAH9UWGSzmWCnSf4cdGMk+kXueyJ6\/acdyMt0SmIGE5rTwMxCHYY0Hn96bTp8mCivvRL6IxURdZtwlP6AX4Y7IMrM=' \/>\n            <input type='hidden' class='gform_hidden' name='gform_unique_id' value='' \/>\n            <input type='hidden' class='gform_hidden' name='state_45' value='WyJ7XCI1XCI6W1wiNThkYjdkNWE2NDNmNDNmYTJmZTU5MzE4NzhhYjk5NGNcIixcIjRkYjY0MzYwZTFhMjY0MmJkN2Y4ZDk3ZjIyNmM0NjAzXCIsXCI2MGNjMTQxNTIyYjY1NDRmZTAxY2UxNmNlMWIzMmZmYlwiLFwiMDVhOGFjMzJjYmRiNGQwMDc2YWRmMzA0YTAzNDIxYTZcIixcIjhiOTZiYzUyYjNkNWZlZDY1NTJmMmM3ZTgxNmE1Y2FhXCJdLFwiNy4xXCI6XCJiZTA5OTVjMzZkOGE3OWFlZWE1MzRkZTcwZjVlMWI1Y1wifSIsIjZhYzRlYTM2YmJmZmY3NzEwYjgyOTQ2NzI2ODBjMGZlIl0=' \/>\n            <input type='hidden' autocomplete='off' class='gform_hidden' name='gform_target_page_number_45' id='gform_target_page_number_45' value='0' \/>\n            <input type='hidden' autocomplete='off' class='gform_hidden' name='gform_source_page_number_45' id='gform_source_page_number_45' value='1' \/>\n            <input type='hidden' name='gform_field_values' value='' \/>\n            \n        <\/div>\n                        <\/form>\n                        <\/div>\n\t\t                <iframe style='display:none;width:0px;height:0px;' src='about:blank' name='gform_ajax_frame_45' id='gform_ajax_frame_45' title='Cette iframe contient la logique n\u00e9cessaire pour manipuler Gravity Forms avec AJAX'><\/iframe>\n\t\t                <script>\ngform.initializeOnLoaded( function() {gformInitSpinner( 45, 'https:\/\/knowledgeflow.org\/wp-content\/plugins\/gravityforms\/images\/spinner.svg', true );jQuery('#gform_ajax_frame_45').on('load',function(){var contents = jQuery(this).contents().find('*').html();var is_postback = contents.indexOf('GF_AJAX_POSTBACK') >= 0;if(!is_postback){return;}var form_content = jQuery(this).contents().find('#gform_wrapper_45');var is_confirmation = jQuery(this).contents().find('#gform_confirmation_wrapper_45').length > 0;var is_redirect = contents.indexOf('gformRedirect(){') >= 0;var is_form = form_content.length > 0 && ! is_redirect && ! is_confirmation;var mt = parseInt(jQuery('html').css('margin-top'), 10) + parseInt(jQuery('body').css('margin-top'), 10) + 100;if(is_form){jQuery('#gform_wrapper_45').html(form_content.html());if(form_content.hasClass('gform_validation_error')){jQuery('#gform_wrapper_45').addClass('gform_validation_error');} else {jQuery('#gform_wrapper_45').removeClass('gform_validation_error');}setTimeout( function() { \/* delay the scroll by 50 milliseconds to fix a bug in chrome *\/ jQuery(document).scrollTop(jQuery('#gform_wrapper_45').offset().top - mt); }, 50 );if(window['gformInitDatepicker']) {gformInitDatepicker();}if(window['gformInitPriceFields']) {gformInitPriceFields();}var current_page = jQuery('#gform_source_page_number_45').val();gformInitSpinner( 45, 'https:\/\/knowledgeflow.org\/wp-content\/plugins\/gravityforms\/images\/spinner.svg', true );jQuery(document).trigger('gform_page_loaded', [45, current_page]);window['gf_submitting_45'] = false;}else if(!is_redirect){var confirmation_content = jQuery(this).contents().find('.GF_AJAX_POSTBACK').html();if(!confirmation_content){confirmation_content = contents;}jQuery('#gform_wrapper_45').replaceWith(confirmation_content);jQuery(document).scrollTop(jQuery('#gf_45').offset().top - mt);jQuery(document).trigger('gform_confirmation_loaded', [45]);window['gf_submitting_45'] = false;wp.a11y.speak(jQuery('#gform_confirmation_message_45').text());}else{jQuery('#gform_45').append(contents);if(window['gformRedirect']) {gformRedirect();}}jQuery(document).trigger(\"gform_pre_post_render\", [{ formId: \"45\", currentPage: \"current_page\", abort: function() { this.preventDefault(); } }]);        if (event && event.defaultPrevented) {                return;        }        const gformWrapperDiv = document.getElementById( \"gform_wrapper_45\" );        if ( gformWrapperDiv ) {            const visibilitySpan = document.createElement( \"span\" );            visibilitySpan.id = \"gform_visibility_test_45\";            gformWrapperDiv.insertAdjacentElement( \"afterend\", visibilitySpan );        }        const visibilityTestDiv = document.getElementById( \"gform_visibility_test_45\" );        let postRenderFired = false;        function triggerPostRender() {            if ( postRenderFired ) {                return;            }            postRenderFired = true;            gform.core.triggerPostRenderEvents( 45, current_page );            if ( visibilityTestDiv ) {                visibilityTestDiv.parentNode.removeChild( visibilityTestDiv );            }        }        function debounce( func, wait, immediate ) {            var timeout;            return function() {                var context = this, args = arguments;                var later = function() {                    timeout = null;                    if ( !immediate ) func.apply( context, args );                };                var callNow = immediate && !timeout;                clearTimeout( timeout );                timeout = setTimeout( later, wait );                if ( callNow ) func.apply( context, args );            };        }        const debouncedTriggerPostRender = debounce( function() {            triggerPostRender();        }, 200 );        if ( visibilityTestDiv && visibilityTestDiv.offsetParent === null ) {            const observer = new MutationObserver( ( mutations ) => {                mutations.forEach( ( mutation ) => {                    if ( mutation.type === 'attributes' && visibilityTestDiv.offsetParent !== null ) {                        debouncedTriggerPostRender();                        observer.disconnect();                    }                });            });            observer.observe( document.body, {                attributes: true,                childList: false,                subtree: true,                attributeFilter: [ 'style', 'class' ],            });        } else {            triggerPostRender();        }    } );} );\n<\/script>\n","protected":false},"excerpt":{"rendered":"<p>Partenaire avec nous Si votre entreprise est int\u00e9ress\u00e9e par un partenariat avec KnowledgeFlow, veuillez remplir ce formulaire et nous vous contacterons dans les plus brefs d\u00e9lais.<\/p>","protected":false},"author":8,"featured_media":0,"parent":0,"menu_order":0,"comment_status":"closed","ping_status":"closed","template":"","meta":{"_acf_changed":false,"_kad_blocks_custom_css":"","_kad_blocks_head_custom_js":"","_kad_blocks_body_custom_js":"","_kad_blocks_footer_custom_js":"","_kad_post_transparent":"","_kad_post_title":"","_kad_post_layout":"","_kad_post_sidebar_id":"","_kad_post_content_style":"","_kad_post_vertical_padding":"","_kad_post_feature":"","_kad_post_feature_position":"","_kad_post_header":false,"_kad_post_footer":false,"_kad_post_classname":"","footnotes":""},"class_list":["post-23945","page","type-page","status-publish","hentry"],"acf":[],"taxonomy_info":[],"featured_image_src_large":false,"author_info":{"display_name":"KnowledgeFlow Cybersafety Foundation","author_link":"https:\/\/knowledgeflow.org\/fr\/author\/knowledgefloweditor\/"},"comment_info":0,"_links":{"self":[{"href":"https:\/\/knowledgeflow.org\/fr\/wp-json\/wp\/v2\/pages\/23945","targetHints":{"allow":["GET"]}}],"collection":[{"href":"https:\/\/knowledgeflow.org\/fr\/wp-json\/wp\/v2\/pages"}],"about":[{"href":"https:\/\/knowledgeflow.org\/fr\/wp-json\/wp\/v2\/types\/page"}],"author":[{"embeddable":true,"href":"https:\/\/knowledgeflow.org\/fr\/wp-json\/wp\/v2\/users\/8"}],"replies":[{"embeddable":true,"href":"https:\/\/knowledgeflow.org\/fr\/wp-json\/wp\/v2\/comments?post=23945"}],"version-history":[{"count":0,"href":"https:\/\/knowledgeflow.org\/fr\/wp-json\/wp\/v2\/pages\/23945\/revisions"}],"wp:attachment":[{"href":"https:\/\/knowledgeflow.org\/fr\/wp-json\/wp\/v2\/media?parent=23945"}],"curies":[{"name":"wp","href":"https:\/\/api.w.org\/{rel}","templated":true}]}}