{"id":30292,"date":"2024-12-09T11:36:53","date_gmt":"2024-12-09T16:36:53","guid":{"rendered":"https:\/\/knowledgeflow.org\/?page_id=30292"},"modified":"2025-08-08T11:29:46","modified_gmt":"2025-08-08T15:29:46","slug":"terms-of-use","status":"publish","type":"page","link":"https:\/\/knowledgeflow.org\/es\/terms-of-use\/","title":{"rendered":"Condiciones de uso"},"content":{"rendered":"<h3 class=\"wp-block-heading\"><strong>Condiciones de licencia de la Fundaci\u00f3n KnowledgeFlow para la Ciberseguridad<\/strong><\/h3>\n\n\n\n<p>Bienvenido a la p\u00e1gina de licencias de recursos de la Fundaci\u00f3n KnowledgeFlow para la Ciberseguridad. Nuestra misi\u00f3n es dotar a individuos y organizaciones de herramientas, recursos y conocimientos para crear un mundo digital m\u00e1s seguro. Para mantener la integridad de nuestros materiales y garantizar que se utilicen de forma responsable, hemos establecido los siguientes t\u00e9rminos de licencia:<\/p>\n\n\n\n<hr class=\"wp-block-separator has-alpha-channel-opacity\"\/>\n\n\n\n<h3 class=\"wp-block-heading\"><strong>Aviso de Copyright<\/strong><\/h3>\n\n\n\n<p>Todos los recursos proporcionados por la Fundaci\u00f3n KnowledgeFlow para la Ciberseguridad, incluidos, entre otros, gu\u00edas, listas de comprobaci\u00f3n, plantillas y otros materiales educativos, est\u00e1n protegidos por derechos de autor.<br><strong>Fundaci\u00f3n KnowledgeFlow para la Ciberseguridad. Todos los derechos reservados.<\/strong><\/p>\n\n\n\n<hr class=\"wp-block-separator has-alpha-channel-opacity\"\/>\n\n\n\n<h3 class=\"wp-block-heading\"><strong>Usos permitidos<\/strong><\/h3>\n\n\n\n<p>Nuestros recursos est\u00e1n dise\u00f1ados para ayudar a educadores, organizaciones sin \u00e1nimo de lucro y particulares a fomentar la ciberseguridad y la alfabetizaci\u00f3n digital. Usted puede:<\/p>\n\n\n\n<ul class=\"wp-block-list\">\n<li><strong>Uso con fines personales y educativos<\/strong>: Descargue, comparta y utilice nuestros materiales para uso personal o en entornos educativos no comerciales, como aulas o talleres.<\/li>\n\n\n\n<li><strong>Compartir materiales inalterados<\/strong>: Distribuya copias de los recursos en su formato original, inalterado y con el aviso de copyright intacto.<\/li>\n\n\n\n<li><strong>Incorporaci\u00f3n a la formaci\u00f3n sin \u00e1nimo de lucro<\/strong>: Utilizar los recursos en iniciativas de formaci\u00f3n o comunitarias sin \u00e1nimo de lucro, siempre que no haya beneficio comercial.<\/li>\n<\/ul>\n\n\n\n<hr class=\"wp-block-separator has-alpha-channel-opacity\"\/>\n\n\n\n<h3 class=\"wp-block-heading\"><strong>Usos prohibidos<\/strong><\/h3>\n\n\n\n<p>Para proteger la integridad y la finalidad de nuestros materiales, est\u00e1n prohibidos los siguientes usos:<\/p>\n\n\n\n<ul class=\"wp-block-list\">\n<li><strong>Uso comercial<\/strong>: Vender, conceder licencias o incorporar nuestros materiales a servicios o productos de pago sin autorizaci\u00f3n previa por escrito.<\/li>\n\n\n\n<li><strong>Modificaci\u00f3n<\/strong>: Alterar, editar o crear obras derivadas basadas en nuestros recursos sin autorizaci\u00f3n expl\u00edcita.<\/li>\n\n\n\n<li><strong>Retirada de la marca<\/strong>: Suprimir u ocultar el logotipo de la Fundaci\u00f3n KnowledgeFlow para la Ciberseguridad, el aviso de copyright o la atribuci\u00f3n.<\/li>\n<\/ul>\n\n\n\n<hr class=\"wp-block-separator has-alpha-channel-opacity\"\/>\n\n\n\n<h3 class=\"wp-block-heading\"><strong>Requisitos de atribuci\u00f3n<\/strong><\/h3>\n\n\n\n<p>Cuando comparta nuestros recursos, por favor incluya la siguiente atribuci\u00f3n:<br><strong>\" Este recurso ha sido elaborado por la Fundaci\u00f3n KnowledgeFlow para la Ciberseguridad. Para m\u00e1s recursos, visite <\/strong><a href=\"https:\/\/www.knowledgeflow.org\"><strong>KnowledgeFlow.org<\/strong><\/a>.\"<\/p>\n\n\n\n<hr class=\"wp-block-separator has-alpha-channel-opacity\"\/>\n\n\n\n<h3 class=\"wp-block-heading\"><strong>Solicitud de autorizaci\u00f3n<\/strong><\/h3>\n\n\n\n<p>Si desea utilizar nuestros recursos de forma no contemplada en estas condiciones, p\u00f3ngase en contacto con nosotros para solicitar autorizaci\u00f3n por escrito. Algunas de las solicitudes m\u00e1s comunes son:<\/p>\n\n\n\n<ul class=\"wp-block-list\">\n<li>Traducci\u00f3n de materiales a otros idiomas.<\/li>\n\n\n\n<li>Incorporaci\u00f3n de recursos a proyectos comerciales.<\/li>\n\n\n\n<li>Adaptar los materiales a las necesidades espec\u00edficas de la organizaci\u00f3n.<\/li>\n<\/ul>\n\n\n\n<hr class=\"wp-block-separator has-alpha-channel-opacity\"\/>\n\n\n\n<h3 class=\"wp-block-heading\"><strong>P\u00f3ngase en contacto con nosotros<\/strong><\/h3>\n\n\n\n<p>Para solicitar permisos o m\u00e1s informaci\u00f3n sobre licencias, p\u00f3ngase en contacto con nosotros:<br><strong>Correo electr\u00f3nico<\/strong>: contact@knowledgeflow.org<br><strong>P\u00e1gina web<\/strong>: <a href=\"https:\/\/www.knowledgeflow.org\">KnowledgeFlow.org<\/a><\/p>\n\n\n\n<p>Agradecemos su cooperaci\u00f3n y su compromiso de utilizar nuestros recursos de forma responsable para fomentar la ciberseguridad y la alfabetizaci\u00f3n digital.<\/p>\n\n\n\n<p><\/p>","protected":false},"excerpt":{"rendered":"<p>Condiciones de licencia de la Fundaci\u00f3n KnowledgeFlow para la Ciberseguridad Bienvenido a la p\u00e1gina de licencias de recursos de la Fundaci\u00f3n KnowledgeFlow para la Ciberseguridad. Nuestra misi\u00f3n es dotar a individuos y organizaciones de herramientas, recursos y conocimientos para crear...<\/p>","protected":false},"author":1,"featured_media":0,"parent":0,"menu_order":0,"comment_status":"closed","ping_status":"closed","template":"","meta":{"_acf_changed":false,"_kad_blocks_custom_css":"","_kad_blocks_head_custom_js":"","_kad_blocks_body_custom_js":"","_kad_blocks_footer_custom_js":"","_kad_post_transparent":"","_kad_post_title":"","_kad_post_layout":"","_kad_post_sidebar_id":"","_kad_post_content_style":"","_kad_post_vertical_padding":"","_kad_post_feature":"","_kad_post_feature_position":"","_kad_post_header":false,"_kad_post_footer":false,"_kad_post_classname":"","footnotes":""},"class_list":["post-30292","page","type-page","status-publish","hentry"],"acf":[],"taxonomy_info":[],"featured_image_src_large":false,"author_info":{"display_name":"sdkgone0893","author_link":"https:\/\/knowledgeflow.org\/es\/author\/colin_lqi4fpdv\/"},"comment_info":0,"_links":{"self":[{"href":"https:\/\/knowledgeflow.org\/es\/wp-json\/wp\/v2\/pages\/30292","targetHints":{"allow":["GET"]}}],"collection":[{"href":"https:\/\/knowledgeflow.org\/es\/wp-json\/wp\/v2\/pages"}],"about":[{"href":"https:\/\/knowledgeflow.org\/es\/wp-json\/wp\/v2\/types\/page"}],"author":[{"embeddable":true,"href":"https:\/\/knowledgeflow.org\/es\/wp-json\/wp\/v2\/users\/1"}],"replies":[{"embeddable":true,"href":"https:\/\/knowledgeflow.org\/es\/wp-json\/wp\/v2\/comments?post=30292"}],"version-history":[{"count":2,"href":"https:\/\/knowledgeflow.org\/es\/wp-json\/wp\/v2\/pages\/30292\/revisions"}],"predecessor-version":[{"id":32617,"href":"https:\/\/knowledgeflow.org\/es\/wp-json\/wp\/v2\/pages\/30292\/revisions\/32617"}],"wp:attachment":[{"href":"https:\/\/knowledgeflow.org\/es\/wp-json\/wp\/v2\/media?parent=30292"}],"curies":[{"name":"wp","href":"https:\/\/api.w.org\/{rel}","templated":true}]}}