{"id":3,"date":"2021-08-06T15:40:48","date_gmt":"2021-08-06T19:40:48","guid":{"rendered":"http:\/\/localhost:10008\/?page_id=3"},"modified":"2026-04-13T16:22:53","modified_gmt":"2026-04-13T20:22:53","slug":"privacy-policy","status":"publish","type":"page","link":"https:\/\/knowledgeflow.org\/es\/privacy-policy\/","title":{"rendered":"Pol\u00edtica de privacidad"},"content":{"rendered":"<h1 class=\"wp-block-heading\">KnowledgeFlow - Fundaci\u00f3n Canadiense para la Ciberseguridad <\/h1>\n\n\n\n<h2 class=\"wp-block-heading\">Pol\u00edtica de privacidad<\/h2>\n\n\n\n<p>\u00daltima revisi\u00f3n: 25 de noviembre de 2025<\/p>\n\n\n\n<h2 class=\"wp-block-heading\"><strong>Introducci\u00f3n<\/strong><\/h2>\n\n\n\n<p>Gracias por confiarnos sus datos personales. Como parte de nuestro compromiso de garantizar su privacidad, hemos desarrollado esta Pol\u00edtica de Privacidad para explicar c\u00f3mo recopilamos, utilizamos y divulgamos su informaci\u00f3n personal.<\/p>\n\n\n\n<h2 class=\"wp-block-heading\"><strong>Informaci\u00f3n que recopilamos<\/strong><\/h2>\n\n\n\n<p>S\u00f3lo recogemos informaci\u00f3n personal con su consentimiento y conocimiento. Por ejemplo, al inscribirse en un evento o registrarse para recibir nuestro bolet\u00edn, recopilamos la informaci\u00f3n que nos facilita, como nombre completo y direcci\u00f3n de correo electr\u00f3nico.<\/p>\n\n\n\n<p>Esto se hace para confirmar su inter\u00e9s y preferencias para participar en dichos proyectos y para permitir la comunicaci\u00f3n directa.<\/p>\n\n\n\n<p>Como organizaci\u00f3n sin \u00e1nimo de lucro, NO utilizaremos su informaci\u00f3n para llevar a cabo ninguna actividad comercial. Si nos facilita cualquier dato personal, como su nombre completo, direcci\u00f3n de correo electr\u00f3nico, direcci\u00f3n postal y\/o su n\u00famero de tel\u00e9fono, solo recibir\u00e1 correspondencia nuestra relativa a pedidos o programas que desee recibir.<\/p>\n\n\n\n<h2 class=\"wp-block-heading\">c\u00f3mo utilizamos su informaci\u00f3n<\/h2>\n\n\n\n<p>Cuando nos facilita su direcci\u00f3n de correo electr\u00f3nico, la almacenamos de forma segura en nuestra base de datos con el \u00fanico fin de proporcionarle actualizaciones y comunicaciones relacionadas con nuestros recursos e iniciativas gratuitos. No compartimos ni vendemos su direcci\u00f3n de correo electr\u00f3nico a terceros.<\/p>\n\n\n\n<h2 class=\"wp-block-heading\"><strong>sus derechos y opciones<\/strong><\/h2>\n\n\n\n<p>Tiene derecho a darse de baja de estas comunicaciones en cualquier momento. Para darse de baja, simplemente haga clic en el enlace \"darse de baja\" al final de cualquier correo electr\u00f3nico que le enviemos, o p\u00f3ngase en contacto con nosotros directamente. Una vez que se d\u00e9 de baja, eliminaremos inmediatamente su direcci\u00f3n de correo electr\u00f3nico de nuestra base de datos y dejar\u00e1 de recibir comunicaciones nuestras.<\/p>\n\n\n\n<h2 class=\"wp-block-heading\">conservaci\u00f3n y seguridad de los datos<\/h2>\n\n\n\n<p>Nos tomamos muy en serio su privacidad y nos comprometemos a proteger su informaci\u00f3n personal. Si tiene alguna pregunta o duda sobre nuestra pol\u00edtica de privacidad, no dude en ponerse en contacto con nosotros.<\/p>\n\n\n\n<h2 class=\"wp-block-heading\">Contacto<\/h2>\n\n\n\n<p>Si tiene alguna pregunta o duda sobre nuestra Pol\u00edtica de privacidad, no dude en ponerse en contacto con nosotros en<\/p>\n\n\n\n<p>KnowledgeFlow - Fundaci\u00f3n Canadiense para la Ciberseguridad<br>c\/o Informatica Corporation 18 King St E, Suite 1400<br>Toronto ON M5E1W7<br>Canad\u00e1<br>Correo electr\u00f3nico: <a href=\"https:\/\/knowledgeflow.org\/contact\/\" data-type=\"page\" data-id=\"13\">P\u00e1gina de contacto<\/a><br>Tel\u00e9fono 416-431-9012<\/p>\n\n\n\n<p>Agradecemos la confianza que deposita en nosotros y mantenemos nuestro compromiso de salvaguardar su informaci\u00f3n personal.<\/p>","protected":false},"excerpt":{"rendered":"<p>KnowledgeFlow \u2013 Pol\u00edtica de privacidad de la Fundaci\u00f3n Canadiense para la Seguridad Cibern\u00e9tica \u00daltima revisi\u00f3n: 25 de noviembre de 2025 Introducci\u00f3n Gracias por confiarnos su informaci\u00f3n personal. Como parte de nuestro compromiso de garantizar su...<\/p>","protected":false},"author":8,"featured_media":0,"parent":0,"menu_order":0,"comment_status":"closed","ping_status":"closed","template":"","meta":{"_acf_changed":false,"_kad_blocks_custom_css":"","_kad_blocks_head_custom_js":"","_kad_blocks_body_custom_js":"","_kad_blocks_footer_custom_js":"","_kad_post_transparent":"","_kad_post_title":"","_kad_post_layout":"","_kad_post_sidebar_id":"","_kad_post_content_style":"","_kad_post_vertical_padding":"","_kad_post_feature":"","_kad_post_feature_position":"","_kad_post_header":false,"_kad_post_footer":false,"_kad_post_classname":"","footnotes":""},"class_list":["post-3","page","type-page","status-publish","hentry"],"acf":[],"taxonomy_info":[],"featured_image_src_large":false,"author_info":{"display_name":"KnowledgeFlow Cybersafety Foundation","author_link":"https:\/\/knowledgeflow.org\/es\/author\/knowledgefloweditor\/"},"comment_info":0,"_links":{"self":[{"href":"https:\/\/knowledgeflow.org\/es\/wp-json\/wp\/v2\/pages\/3","targetHints":{"allow":["GET"]}}],"collection":[{"href":"https:\/\/knowledgeflow.org\/es\/wp-json\/wp\/v2\/pages"}],"about":[{"href":"https:\/\/knowledgeflow.org\/es\/wp-json\/wp\/v2\/types\/page"}],"author":[{"embeddable":true,"href":"https:\/\/knowledgeflow.org\/es\/wp-json\/wp\/v2\/users\/8"}],"replies":[{"embeddable":true,"href":"https:\/\/knowledgeflow.org\/es\/wp-json\/wp\/v2\/comments?post=3"}],"version-history":[{"count":12,"href":"https:\/\/knowledgeflow.org\/es\/wp-json\/wp\/v2\/pages\/3\/revisions"}],"predecessor-version":[{"id":36852,"href":"https:\/\/knowledgeflow.org\/es\/wp-json\/wp\/v2\/pages\/3\/revisions\/36852"}],"wp:attachment":[{"href":"https:\/\/knowledgeflow.org\/es\/wp-json\/wp\/v2\/media?parent=3"}],"curies":[{"name":"wp","href":"https:\/\/api.w.org\/{rel}","templated":true}]}}